{"id":20,"date":"2014-09-19T10:36:03","date_gmt":"2014-09-19T08:36:03","guid":{"rendered":"\/stefanobordoni\/?page_id=20"},"modified":"2014-09-19T10:36:03","modified_gmt":"2014-09-19T08:36:03","slug":"informatica","status":"publish","type":"page","link":"https:\/\/morespace.economia.unimore.it\/stefanobordoni\/informatica\/","title":{"rendered":"Informatica"},"content":{"rendered":"<h3><span style=\"font-family: Verdana, Arial, Helvetica, sans-serif\">Prova di Idoneit\u00e0 di 3 crediti comune a tutti i corsi di laurea:<\/span><\/h3>\n<p>Dall\u2019Anno Accademico 2006-2007 il corso di Informatica \u00e8 stato convertito in una \u201cProva di idoneit\u00e0\u201d. L\u2019esame di fine corso relativo alla Prova di Idoneit\u00e0 di Informatica non prevede pi\u00f9 una valutazione in trentesimi, ma il superamento di una prova d\u2019esame con il risultato di &#8220;Idoneo&#8221;.<br \/>\nA partire dall&#8217; A.A. 2009\/10 il corso di Informatica ha interamente modificato obiettivi didattici e contenuti, perdendo ogni equiparazione con la patente europea del computer (ECDL). Il nuovo corso ha come unico contenuto lo studio del programma Excel (base pi\u00f9 avanzato), su cui verter\u00e0 interamente l\u2019esame.<br \/>\nGli studenti iscritti alla Facolt\u00e0 in anni precedenti al 2009\/10 non possono pi\u00f9\u00a0sostenere l&#8217;esame con un programma diverso da quello attuale. Tutti gli studenti devono sostenere la prova con il programma attualmente in vigore<\/p>\n<h3><span style=\"font-family: Verdana, Arial, Helvetica, sans-serif\">Modalit\u00e0 e periodo di svolgimento del corso:<\/span><\/h3>\n<p>Il corso del 2015\/16 verr\u00e0 svolto attraverso 11 lezioni con cadenza settimanale di 2 ore accademiche ciascuna, per un totale di 21 ore di lezione, da tenersi nel\u00a0I\u00b0 semestre, nel periodo dal 3 ottobre 2015 al 20 dicembre 2015. Data la numerosa partecipazione da parte degli studenti, verranno svolte parallelamente 6 edizioni del corso, con contenuti identici. Le lezioni comprendono una parte teorica e una parte applicativa nella quale verranno utilizzate le nozioni teoriche apprese attraverso esercizi specifici.<br \/>\nIl corso \u00e8 suddiviso in tre sezioni: nella prima sono approfondite le funzionalit\u00e0 di base di MS Excel, nella seconda \u00e8 trattato in modo esaustivo l\u2019insieme dei comandi e delle tecniche relative alla gestione degli archivi in formato MS Excel, con particolare riferimento alle tabelle pivot, mentre nella terza parte (opzionale, di approfondimento) sono introdotte alcune tecniche avanzate per la gestione del foglio di lavoro o delle intere cartelle e alcuni cenni sulla programmazione in MS Excel.<\/p>\n<h3><span style=\"font-family: Verdana, Arial, Helvetica, sans-serif\">Materiale didattico:<\/span><\/h3>\n<p>programma ed elenco esercizi<br \/>\n<a href=\"https:\/\/morespace.economia.unimore.it\/stefanobordoni\/wp-content\/uploads\/sites\/11\/2014\/09\/primaparte.xls\">primaparte<\/a><br \/>\n<a href=\"https:\/\/morespace.economia.unimore.it\/stefanobordoni\/wp-content\/uploads\/sites\/11\/2014\/09\/secondaparte.xls\">secondaparte<\/a><br \/>\n<a href=\"https:\/\/morespace.economia.unimore.it\/stefanobordoni\/wp-content\/uploads\/sites\/11\/2015\/07\/terzaparte.xls\">terzaparte<\/a><br \/>\n<a href=\"https:\/\/morespace.economia.unimore.it\/stefanobordoni\/wp-content\/uploads\/sites\/11\/2015\/07\/informatica2015.doc\">informatica2015<\/a><br \/>\n<strong>Testi di approfondimento:<\/strong><br \/>\nMike Davis: Excel 2007 Guida Completa. Apogeo, 2007 (testo generale)<br \/>\nFrancesco Borazzo: Analisi dei dati con Excel per le versioni 2007-2010. Apogeo Pocket 2011 (relativo alla seconda parte del corso)<br \/>\nPaolo Guccini: Excel macro 2007. Apogeo Pocket 2008 (relativo alla terza parte del corso)<\/p>\n<h3>Esami:<\/h3>\n<p>verr\u00e0 svolto a computer, nelle date d\u2019appello successive al corso. E&#8217; possibile esercitarsi con una versione di prova del software d&#8217;esame. Il tester \u00e8 disponibile per le versioni MSAcess \u00a02007-2010 o successive (<a href=\"http:\/\/morespace.unimore.it\/stefanobordoni\/wp-content\/uploads\/sites\/10\/2014\/09\/TestAccess2007.zip\">TestAccess2007-2010<\/a>, quella installata nel Laboratorio della Facolt\u00e0). Chi non avesse MSAccess\u00a0pu\u00f2 scaricarlo gratuitamente con licenza a due anni dal portale &#8220;Webstore Dreamspark&#8221;*:<br \/>\n<a href=\"http:\/\/e5.onthehub.com\/d.ashx?s=u1vjaekwzj\"><span lang=\"EN-US\">http:\/\/e5.onthehub.com\/d.ashx?s=u1vjaekwzj<\/span><\/a><br \/>\n*Nota: Il link va copiato e incollato nella barra degli indirizzi. Il file scaricato \u00e8 un iso (immagine) per installarlo \u00e8 necessario\u00a0usare virtualclonedrive (http:\/\/www.slysoft.com\/it\/virtual-clonedrive.html) o http:\/\/morgana.unimore.it\/bordoni_stefano\/BI2013\/SetupVirtualCloneDrive5450.rar<\/p>\n","protected":false},"excerpt":{"rendered":"<p>Prova di Idoneit\u00e0 di 3 crediti comune a tutti i corsi di laurea: Dall\u2019Anno Accademico 2006-2007 il corso di Informatica \u00e8 stato convertito in una \u201cProva di idoneit\u00e0\u201d. L\u2019esame di fine corso relativo alla Prova di Idoneit\u00e0 di Informatica non<\/p>\n","protected":false},"author":2,"featured_media":0,"parent":0,"menu_order":0,"comment_status":"open","ping_status":"open","template":"","meta":{"footnotes":""},"class_list":["post-20","page","type-page","status-publish","hentry"],"yoast_head":"<!-- This site is optimized with the Yoast SEO plugin v27.3 - https:\/\/yoast.com\/product\/yoast-seo-wordpress\/ -->\n<title>Informatica - Stefano Bordoni<\/title>\n<meta name=\"robots\" content=\"index, follow, max-snippet:-1, max-image-preview:large, max-video-preview:-1\" \/>\n<link rel=\"canonical\" href=\"https:\/\/morespace.economia.unimore.it\/stefanobordoni\/informatica\/\" \/>\n<meta property=\"og:locale\" content=\"it_IT\" \/>\n<meta property=\"og:type\" content=\"article\" \/>\n<meta property=\"og:title\" content=\"Informatica - Stefano Bordoni\" \/>\n<meta property=\"og:description\" content=\"Prova di Idoneit\u00e0 di 3 crediti comune a tutti i corsi di laurea: Dall\u2019Anno Accademico 2006-2007 il corso di Informatica \u00e8 stato convertito in una \u201cProva di idoneit\u00e0\u201d. L\u2019esame di fine corso relativo alla Prova di Idoneit\u00e0 di Informatica non\" \/>\n<meta property=\"og:url\" content=\"https:\/\/morespace.economia.unimore.it\/stefanobordoni\/informatica\/\" \/>\n<meta property=\"og:site_name\" content=\"Stefano Bordoni\" \/>\n<meta name=\"twitter:card\" content=\"summary_large_image\" \/>\n<meta name=\"twitter:label1\" content=\"Tempo di lettura stimato\" \/>\n\t<meta name=\"twitter:data1\" content=\"2 minuti\" \/>\n<script type=\"application\/ld+json\" class=\"yoast-schema-graph\">{\"@context\":\"https:\\\/\\\/schema.org\",\"@graph\":[{\"@type\":\"WebPage\",\"@id\":\"https:\\\/\\\/morespace.economia.unimore.it\\\/stefanobordoni\\\/informatica\\\/\",\"url\":\"https:\\\/\\\/morespace.economia.unimore.it\\\/stefanobordoni\\\/informatica\\\/\",\"name\":\"Informatica - Stefano Bordoni\",\"isPartOf\":{\"@id\":\"https:\\\/\\\/morespace.economia.unimore.it\\\/stefanobordoni\\\/#website\"},\"datePublished\":\"2014-09-19T08:36:03+00:00\",\"breadcrumb\":{\"@id\":\"https:\\\/\\\/morespace.economia.unimore.it\\\/stefanobordoni\\\/informatica\\\/#breadcrumb\"},\"inLanguage\":\"it-IT\",\"potentialAction\":[{\"@type\":\"ReadAction\",\"target\":[\"https:\\\/\\\/morespace.economia.unimore.it\\\/stefanobordoni\\\/informatica\\\/\"]}]},{\"@type\":\"BreadcrumbList\",\"@id\":\"https:\\\/\\\/morespace.economia.unimore.it\\\/stefanobordoni\\\/informatica\\\/#breadcrumb\",\"itemListElement\":[{\"@type\":\"ListItem\",\"position\":1,\"name\":\"Home\",\"item\":\"https:\\\/\\\/morespace.economia.unimore.it\\\/stefanobordoni\\\/\"},{\"@type\":\"ListItem\",\"position\":2,\"name\":\"Informatica\"}]},{\"@type\":\"WebSite\",\"@id\":\"https:\\\/\\\/morespace.economia.unimore.it\\\/stefanobordoni\\\/#website\",\"url\":\"https:\\\/\\\/morespace.economia.unimore.it\\\/stefanobordoni\\\/\",\"name\":\"Stefano Bordoni\",\"description\":\"\",\"potentialAction\":[{\"@type\":\"SearchAction\",\"target\":{\"@type\":\"EntryPoint\",\"urlTemplate\":\"https:\\\/\\\/morespace.economia.unimore.it\\\/stefanobordoni\\\/?s={search_term_string}\"},\"query-input\":{\"@type\":\"PropertyValueSpecification\",\"valueRequired\":true,\"valueName\":\"search_term_string\"}}],\"inLanguage\":\"it-IT\"}]}<\/script>\n<!-- \/ Yoast SEO plugin. -->","yoast_head_json":{"title":"Informatica - Stefano Bordoni","robots":{"index":"index","follow":"follow","max-snippet":"max-snippet:-1","max-image-preview":"max-image-preview:large","max-video-preview":"max-video-preview:-1"},"canonical":"https:\/\/morespace.economia.unimore.it\/stefanobordoni\/informatica\/","og_locale":"it_IT","og_type":"article","og_title":"Informatica - Stefano Bordoni","og_description":"Prova di Idoneit\u00e0 di 3 crediti comune a tutti i corsi di laurea: Dall\u2019Anno Accademico 2006-2007 il corso di Informatica \u00e8 stato convertito in una \u201cProva di idoneit\u00e0\u201d. L\u2019esame di fine corso relativo alla Prova di Idoneit\u00e0 di Informatica non","og_url":"https:\/\/morespace.economia.unimore.it\/stefanobordoni\/informatica\/","og_site_name":"Stefano Bordoni","twitter_card":"summary_large_image","twitter_misc":{"Tempo di lettura stimato":"2 minuti"},"schema":{"@context":"https:\/\/schema.org","@graph":[{"@type":"WebPage","@id":"https:\/\/morespace.economia.unimore.it\/stefanobordoni\/informatica\/","url":"https:\/\/morespace.economia.unimore.it\/stefanobordoni\/informatica\/","name":"Informatica - Stefano Bordoni","isPartOf":{"@id":"https:\/\/morespace.economia.unimore.it\/stefanobordoni\/#website"},"datePublished":"2014-09-19T08:36:03+00:00","breadcrumb":{"@id":"https:\/\/morespace.economia.unimore.it\/stefanobordoni\/informatica\/#breadcrumb"},"inLanguage":"it-IT","potentialAction":[{"@type":"ReadAction","target":["https:\/\/morespace.economia.unimore.it\/stefanobordoni\/informatica\/"]}]},{"@type":"BreadcrumbList","@id":"https:\/\/morespace.economia.unimore.it\/stefanobordoni\/informatica\/#breadcrumb","itemListElement":[{"@type":"ListItem","position":1,"name":"Home","item":"https:\/\/morespace.economia.unimore.it\/stefanobordoni\/"},{"@type":"ListItem","position":2,"name":"Informatica"}]},{"@type":"WebSite","@id":"https:\/\/morespace.economia.unimore.it\/stefanobordoni\/#website","url":"https:\/\/morespace.economia.unimore.it\/stefanobordoni\/","name":"Stefano Bordoni","description":"","potentialAction":[{"@type":"SearchAction","target":{"@type":"EntryPoint","urlTemplate":"https:\/\/morespace.economia.unimore.it\/stefanobordoni\/?s={search_term_string}"},"query-input":{"@type":"PropertyValueSpecification","valueRequired":true,"valueName":"search_term_string"}}],"inLanguage":"it-IT"}]}},"_links":{"self":[{"href":"https:\/\/morespace.economia.unimore.it\/stefanobordoni\/wp-json\/wp\/v2\/pages\/20","targetHints":{"allow":["GET"]}}],"collection":[{"href":"https:\/\/morespace.economia.unimore.it\/stefanobordoni\/wp-json\/wp\/v2\/pages"}],"about":[{"href":"https:\/\/morespace.economia.unimore.it\/stefanobordoni\/wp-json\/wp\/v2\/types\/page"}],"author":[{"embeddable":true,"href":"https:\/\/morespace.economia.unimore.it\/stefanobordoni\/wp-json\/wp\/v2\/users\/2"}],"replies":[{"embeddable":true,"href":"https:\/\/morespace.economia.unimore.it\/stefanobordoni\/wp-json\/wp\/v2\/comments?post=20"}],"version-history":[{"count":0,"href":"https:\/\/morespace.economia.unimore.it\/stefanobordoni\/wp-json\/wp\/v2\/pages\/20\/revisions"}],"wp:attachment":[{"href":"https:\/\/morespace.economia.unimore.it\/stefanobordoni\/wp-json\/wp\/v2\/media?parent=20"}],"curies":[{"name":"wp","href":"https:\/\/api.w.org\/{rel}","templated":true}]}}