{"id":2822,"date":"2022-02-27T16:15:33","date_gmt":"2022-02-27T15:15:33","guid":{"rendered":"\/silviamuzzioli\/?page_id=2822"},"modified":"2022-02-27T16:15:33","modified_gmt":"2022-02-27T15:15:33","slug":"clemi-2022","status":"publish","type":"page","link":"https:\/\/morespace.economia.unimore.it\/silviamuzzioli\/clemi-2022\/","title":{"rendered":"clemi 2022"},"content":{"rendered":"<p><strong>Programma aggiornato parte di matematica finanziaria (secondo semestre):<\/strong><br \/>\n1. Grandezze Fondamentali matematica Finanziaria 2. Regimi di capitalizzazione e attualizzazione 3. Rendite 4. Costituzione di capitale 5. Ammortamenti 6. Criteri di scelta tra Investimenti<\/p>\n<table width=\"85%\">\n<tbody>\n<tr>\n<td width=\"117\">Argomenti<\/td>\n<td colspan=\"2\" width=\"152\">Concetti chiave<\/td>\n<td colspan=\"2\" width=\"163\">Studi di casi e applicazioni (alcuni esempi)<\/td>\n<td width=\"122\">Testi<\/td>\n<td width=\"7\"><\/td>\n<\/tr>\n<tr>\n<td width=\"117\">Generalit\u00e0 sulle leggi finanziarie<\/td>\n<td colspan=\"2\" width=\"152\">\nOperazione finanziaria,<br \/>\ncapitalizzazione e attualizzazione,<br \/>\ngrandezze fondamentali<\/td>\n<td colspan=\"2\" width=\"163\">Esempi di operazioni finanziarie, esercizi dall\u2019eserciziario<\/td>\n<td width=\"122\">\nSTZ, cap.1<br \/>\n(par. 1,2,3,4)<\/td>\n<td width=\"7\"><\/td>\n<\/tr>\n<tr>\n<td width=\"117\">Regimi di capitalizzazione e attualizzazione<\/td>\n<td colspan=\"2\" width=\"152\">\nRegimi a interesse semplice, anticipato, composto. Equivalenza tra tassi.<br \/>\nForza di interesse.<br \/>\nScindibilit\u00e0.<\/td>\n<td colspan=\"2\" width=\"163\">Valutazione di importi monetari.<\/td>\n<td width=\"122\">\nSTZ, cap.1 (dal par..5 al par. 16 compresi)<br \/>\nSTZ, par. 4.5.1<\/td>\n<td width=\"7\"><\/td>\n<\/tr>\n<tr>\n<td width=\"117\">Rendite e costituzione di un capitale<\/td>\n<td colspan=\"2\" width=\"152\">Generalit\u00e0 sulle rendite, montante e valore attuale dei vari tipi di rendita.<\/td>\n<td colspan=\"2\" width=\"163\">Esempi di rendite e di problemi di costituzione di un capitale.<\/td>\n<td width=\"122\">STZ, cap.2 (par. 1,2,3,4,5) , cap.3 (par.1,2)<\/td>\n<td width=\"7\"><\/td>\n<\/tr>\n<tr>\n<td colspan=\"2\" width=\"119\">Ammortamenti<\/td>\n<td colspan=\"2\" width=\"151\">Generalit\u00e0 sugli ammortamenti, Ammortamento italiano, francese, americano.<\/td>\n<td width=\"161\">Applicazioni del concetto di ammortamento.<\/td>\n<td colspan=\"2\" width=\"129\">\nSTZ, cap.3<br \/>\n(par.3,4,5,6,7,9)<\/td>\n<\/tr>\n<tr>\n<td colspan=\"2\" width=\"119\">Problemi di valutazione<\/td>\n<td colspan=\"2\" width=\"151\">Criteri di scelta: il pay-back, il risultato economico attualizzato (REA), il tasso interno di rendimento (TIR).<\/td>\n<td width=\"161\">Applicazioni dei criteri di scelta a investimenti reali e finanziari.<\/td>\n<td colspan=\"2\" width=\"129\">STZ, cap.4<\/td>\n<\/tr>\n<\/tbody>\n<\/table>\n<p><strong>Testo:<\/strong><br \/>\n&#8211; Stefani S., Torriero A., Zambruno G. (2011), Elementi di matematica finanziaria e cenni di programmazione lineare,\u00a0IV Edizione, Giappichelli Editore, Torino (STZ)<br \/>\n<strong>Eserciziari:<\/strong><br \/>\n&#8211; Angoli A., Colli Franzone Bonzanini A., De Dionigi L., Matematica finanziaria e attuariale, Esercizi svolti, Giappichelli, Torino.<br \/>\n-Bolamperti G., Ceccarossi G., Elementi di Matematica Finanziaria e cenni di programmazione lineare, Esercizi, Giappichelli Editore, Torino<br \/>\n<strong>programma aggiornato parte di matematica (<\/strong>secondo semestre)<\/p>\n<table width=\"693\">\n<tbody>\n<tr>\n<td width=\"470\">Matrici e vettori. Operazioni fra matrici. Matrice inversa<\/td>\n<td width=\"209\">Simon, Blume cap. 11<\/td>\n<\/tr>\n<tr>\n<td width=\"470\">Determinante. Teorema di Laplace. Matrice aggiunta<\/td>\n<td width=\"209\">Simon, Blume cap. 12<\/td>\n<\/tr>\n<tr>\n<td width=\"470\">Sistemi di equazioni lineari.<\/td>\n<td width=\"209\">Simon, Blume cap. 10<\/td>\n<\/tr>\n<tr>\n<td width=\"470\">Rango di una matrice. Teorema di Rouch\u00e9-Capelli<\/td>\n<td width=\"209\">Simon, Blume cap. 10<\/td>\n<\/tr>\n<tr>\n<td width=\"470\">Regola di Cramer<\/td>\n<td width=\"209\">Simon, Blume cap. 12<\/td>\n<\/tr>\n<tr>\n<td width=\"470\">Funzioni di pi\u00f9 variabili. Funzioni lineari<\/td>\n<td width=\"209\">Simon, Blume cap. 17.1-17.3<\/td>\n<\/tr>\n<tr>\n<td width=\"470\">Continuit\u00e0 e derivabilit\u00e0 per funzioni di pi\u00f9 variabili<\/td>\n<td width=\"209\">Simon, Blume cap. 17.6, 17.7<\/td>\n<\/tr>\n<tr>\n<td width=\"470\">Gradiente e matrice Hessiana<\/td>\n<td width=\"209\">Simon, Blume cap. 17.10, 17.12<\/td>\n<\/tr>\n<tr>\n<td width=\"470\">Ottimizzazione libera. Condizioni necessarie e sufficienti di ottimalit\u00e0<\/td>\n<td width=\"209\">Simon, Blume cap. 18.1-18.3<\/td>\n<\/tr>\n<tr>\n<td width=\"470\"><\/td>\n<td width=\"209\"><\/td>\n<\/tr>\n<\/tbody>\n<\/table>\n<p><strong>Testo<\/strong>: Simon, Blume Matematica Generale,\u00a0 2a Edizione, Egea, Milano.<br \/>\nIn alternativa: Simon Blume Matematica per le scienze economiche,\u00a0Egea, Milano.<br \/>\n<strong>Eserciziario<\/strong>: Cambini, A. Carosi, L. Martein, L., Elementi di algebra lineare e funzioni di pi\u00f9 variabili, esercizi svolti, Giappichelli Editore.<br \/>\n**************************************************************************************************************<br \/>\nesercizi per casa:<br \/>\n<a href=\"https:\/\/morespace.economia.unimore.it\/silviamuzzioli\/wp-content\/uploads\/sites\/7\/2015\/04\/esercizi-eserciziari-clemi-2.ppt\">esercizi-eserciziari-clemi<\/a><br \/>\n<a href=\"https:\/\/morespace.economia.unimore.it\/silviamuzzioli\/wp-content\/uploads\/sites\/7\/2015\/04\/ESERCIZI-MATEMATICA-GENERALE-6.pdf\">Esercizi matematica generale<\/a><br \/>\n<a href=\"https:\/\/morespace.economia.unimore.it\/silviamuzzioli\/wp-content\/uploads\/sites\/7\/2020\/05\/esercizi-matrici-e-sistemi-lineari-19mag.pdf\">esercizi matrici, sistemi lineari, e funzioni di pi\u00f9 variabili\u00a0<\/a><\/p>\n<h3>\u00a0********************************************************************************************<\/h3>\n<h4>fac-simile prova PARZIALE:<\/h4>\n<p><a href=\"https:\/\/morespace.economia.unimore.it\/silviamuzzioli\/wp-content\/uploads\/sites\/7\/2015\/04\/fac-simile-prova-SECONDO-PARZIALE-mate-clemi2016bis.pdf\">fac-simile prova SECONDO PARZIALE mate clemi2016bis<\/a><br \/>\n<strong>fac-simile prova TOTALE (SECONDO SEMESTRE). La prova completa o totale consta di due parti: parte di funzioni a una variabile (primo semestre) e parte di funzioni a pi\u00f9 variabili e matematica finanziaria (secondo semestre):<br \/>\n<\/strong><br \/>\n<a href=\"https:\/\/morespace.economia.unimore.it\/silviamuzzioli\/wp-content\/uploads\/sites\/7\/2017\/10\/fac-simile-CON-SOLUZIONE-TOTALE-PARTE-SECONDA-mate-clemi2016-bis.pdf\">fac-simile CON SOLUZIONE TOTALE PARTE SECONDA mate clemi2016 bis<\/a><br \/>\n&nbsp;<br \/>\n****************************************************************************************************************************************************************<br \/>\n<strong>lezione 1: le grandezze fondamentali della matematica finanziaria (parte1):<\/strong><br \/>\n&nbsp;<br \/>\n&nbsp;<br \/>\n<strong>lezione 2:\u00a0le grandezze fondamentali della matematica finanziaria (parte 2):<\/strong><br \/>\n&nbsp;<br \/>\n&nbsp;<br \/>\n<strong>lezione 3:\u00a0le grandezze fondamentali della matematica finanziaria e<\/strong><br \/>\n<strong>IL REGIME A INTERESSI SEMPLICI<\/strong><br \/>\n&nbsp;<br \/>\n&nbsp;<br \/>\n<strong>lezione 4: IL REGIME A INTERESSI COMPOSTI <\/strong><br \/>\n&nbsp;<br \/>\n&nbsp;<br \/>\n&nbsp;<br \/>\n<strong>lezione 5: TASSI EQUIVALENTI<\/strong><br \/>\n&nbsp;<br \/>\n&nbsp;<br \/>\n&nbsp;<br \/>\n<strong>lezione 6: IL REGIME A INTERESSI ANTICIPATI<\/strong><br \/>\n&nbsp;<br \/>\n&nbsp;<br \/>\n<strong>lezione 7: SCINDIBILITA&#8217;, INTENSITA&#8217; ISTANTANEA DI INTERESSE<\/strong><br \/>\n&nbsp;<br \/>\n&nbsp;<br \/>\n<strong>lezione 8: RENDITE: GENERALITA&#8217; E VALORE ATTUALE<\/strong><br \/>\n&nbsp;<br \/>\n&nbsp;<br \/>\n<strong>lezione 9:\u00a0RENDITE: valore attuale\u00a0 rendita differita, rendita perpetua, montante rendita rata costante<\/strong><br \/>\n&nbsp;<br \/>\n&nbsp;<br \/>\n<strong>lezione 10\u00a0 mercoled\u00ec 14 mattina ore 8.30: problemi inversi<\/strong><br \/>\n&nbsp;<br \/>\n&nbsp;<br \/>\n<strong>lezione 11, 14 Aprile alle 17.30: Ammortamenti: generalit\u00e0 e ammortamento Americano<\/strong><br \/>\n&nbsp;<br \/>\n&nbsp;<br \/>\n<strong>lezione 12: 19 Aprile 8.30 in presenza: ammortamenti francese e italiano<\/strong><br \/>\n&nbsp;<br \/>\n&nbsp;<br \/>\n<strong>lezione 13:\u00a0<\/strong><br \/>\n<strong>criteri di scelta tra investimenti: tempo di recupero e rea<\/strong><br \/>\n&nbsp;<br \/>\n&#8212;&#8212;&#8212;&#8212;&#8212;&#8212;&#8212;&#8212;&#8212;&#8212;&#8212;&#8212;&#8212;&#8212;&#8212;&#8212;&#8212;&#8212;<br \/>\n************************************************************<br \/>\nQuestionario valutazione corso (COMPILATE!):<br \/>\nmodello questionario\u00a0<a href=\"https:\/\/morespace.economia.unimore.it\/silviamuzzioli\/wp-content\/uploads\/sites\/7\/2016\/02\/modello-questionario.docx\">modello questionario<\/a><br \/>\n&nbsp;<br \/>\n*****************************************************************<\/p>\n","protected":false},"excerpt":{"rendered":"<p>Programma aggiornato parte di matematica finanziaria (secondo semestre): 1. Grandezze Fondamentali matematica Finanziaria 2. Regimi di capitalizzazione e attualizzazione 3. Rendite 4. Costituzione di capitale 5. Ammortamenti 6. Criteri di scelta tra Investimenti Argomenti Concetti chiave Studi di casi e<\/p>\n","protected":false},"author":8,"featured_media":0,"parent":0,"menu_order":0,"comment_status":"closed","ping_status":"closed","template":"","meta":{"footnotes":""},"class_list":["post-2822","page","type-page","status-publish","hentry"],"yoast_head":"<!-- This site is optimized with the Yoast SEO plugin v27.4 - https:\/\/yoast.com\/product\/yoast-seo-wordpress\/ -->\n<title>clemi 2022 - Silvia Muzzioli<\/title>\n<meta name=\"robots\" content=\"index, follow, max-snippet:-1, max-image-preview:large, max-video-preview:-1\" \/>\n<link rel=\"canonical\" href=\"https:\/\/morespace.economia.unimore.it\/silviamuzzioli\/clemi-2022\/\" \/>\n<meta property=\"og:locale\" content=\"it_IT\" \/>\n<meta property=\"og:type\" content=\"article\" \/>\n<meta property=\"og:title\" content=\"clemi 2022 - Silvia Muzzioli\" \/>\n<meta property=\"og:description\" content=\"Programma aggiornato parte di matematica finanziaria (secondo semestre): 1. Grandezze Fondamentali matematica Finanziaria 2. Regimi di capitalizzazione e attualizzazione 3. Rendite 4. Costituzione di capitale 5. Ammortamenti 6. Criteri di scelta tra Investimenti Argomenti Concetti chiave Studi di casi e\" \/>\n<meta property=\"og:url\" content=\"https:\/\/morespace.economia.unimore.it\/silviamuzzioli\/clemi-2022\/\" \/>\n<meta property=\"og:site_name\" content=\"Silvia Muzzioli\" \/>\n<meta name=\"twitter:card\" content=\"summary_large_image\" \/>\n<meta name=\"twitter:label1\" content=\"Tempo di lettura stimato\" \/>\n\t<meta name=\"twitter:data1\" content=\"3 minuti\" \/>\n<script type=\"application\/ld+json\" class=\"yoast-schema-graph\">{\"@context\":\"https:\\\/\\\/schema.org\",\"@graph\":[{\"@type\":\"WebPage\",\"@id\":\"https:\\\/\\\/morespace.economia.unimore.it\\\/silviamuzzioli\\\/clemi-2022\\\/\",\"url\":\"https:\\\/\\\/morespace.economia.unimore.it\\\/silviamuzzioli\\\/clemi-2022\\\/\",\"name\":\"clemi 2022 - Silvia Muzzioli\",\"isPartOf\":{\"@id\":\"https:\\\/\\\/morespace.economia.unimore.it\\\/silviamuzzioli\\\/#website\"},\"datePublished\":\"2022-02-27T15:15:33+00:00\",\"breadcrumb\":{\"@id\":\"https:\\\/\\\/morespace.economia.unimore.it\\\/silviamuzzioli\\\/clemi-2022\\\/#breadcrumb\"},\"inLanguage\":\"it-IT\",\"potentialAction\":[{\"@type\":\"ReadAction\",\"target\":[\"https:\\\/\\\/morespace.economia.unimore.it\\\/silviamuzzioli\\\/clemi-2022\\\/\"]}]},{\"@type\":\"BreadcrumbList\",\"@id\":\"https:\\\/\\\/morespace.economia.unimore.it\\\/silviamuzzioli\\\/clemi-2022\\\/#breadcrumb\",\"itemListElement\":[{\"@type\":\"ListItem\",\"position\":1,\"name\":\"Home\",\"item\":\"https:\\\/\\\/morespace.economia.unimore.it\\\/silviamuzzioli\\\/\"},{\"@type\":\"ListItem\",\"position\":2,\"name\":\"clemi 2022\"}]},{\"@type\":\"WebSite\",\"@id\":\"https:\\\/\\\/morespace.economia.unimore.it\\\/silviamuzzioli\\\/#website\",\"url\":\"https:\\\/\\\/morespace.economia.unimore.it\\\/silviamuzzioli\\\/\",\"name\":\"Silvia Muzzioli\",\"description\":\"\",\"potentialAction\":[{\"@type\":\"SearchAction\",\"target\":{\"@type\":\"EntryPoint\",\"urlTemplate\":\"https:\\\/\\\/morespace.economia.unimore.it\\\/silviamuzzioli\\\/?s={search_term_string}\"},\"query-input\":{\"@type\":\"PropertyValueSpecification\",\"valueRequired\":true,\"valueName\":\"search_term_string\"}}],\"inLanguage\":\"it-IT\"}]}<\/script>\n<!-- \/ Yoast SEO plugin. -->","yoast_head_json":{"title":"clemi 2022 - Silvia Muzzioli","robots":{"index":"index","follow":"follow","max-snippet":"max-snippet:-1","max-image-preview":"max-image-preview:large","max-video-preview":"max-video-preview:-1"},"canonical":"https:\/\/morespace.economia.unimore.it\/silviamuzzioli\/clemi-2022\/","og_locale":"it_IT","og_type":"article","og_title":"clemi 2022 - Silvia Muzzioli","og_description":"Programma aggiornato parte di matematica finanziaria (secondo semestre): 1. Grandezze Fondamentali matematica Finanziaria 2. Regimi di capitalizzazione e attualizzazione 3. Rendite 4. Costituzione di capitale 5. Ammortamenti 6. Criteri di scelta tra Investimenti Argomenti Concetti chiave Studi di casi e","og_url":"https:\/\/morespace.economia.unimore.it\/silviamuzzioli\/clemi-2022\/","og_site_name":"Silvia Muzzioli","twitter_card":"summary_large_image","twitter_misc":{"Tempo di lettura stimato":"3 minuti"},"schema":{"@context":"https:\/\/schema.org","@graph":[{"@type":"WebPage","@id":"https:\/\/morespace.economia.unimore.it\/silviamuzzioli\/clemi-2022\/","url":"https:\/\/morespace.economia.unimore.it\/silviamuzzioli\/clemi-2022\/","name":"clemi 2022 - Silvia Muzzioli","isPartOf":{"@id":"https:\/\/morespace.economia.unimore.it\/silviamuzzioli\/#website"},"datePublished":"2022-02-27T15:15:33+00:00","breadcrumb":{"@id":"https:\/\/morespace.economia.unimore.it\/silviamuzzioli\/clemi-2022\/#breadcrumb"},"inLanguage":"it-IT","potentialAction":[{"@type":"ReadAction","target":["https:\/\/morespace.economia.unimore.it\/silviamuzzioli\/clemi-2022\/"]}]},{"@type":"BreadcrumbList","@id":"https:\/\/morespace.economia.unimore.it\/silviamuzzioli\/clemi-2022\/#breadcrumb","itemListElement":[{"@type":"ListItem","position":1,"name":"Home","item":"https:\/\/morespace.economia.unimore.it\/silviamuzzioli\/"},{"@type":"ListItem","position":2,"name":"clemi 2022"}]},{"@type":"WebSite","@id":"https:\/\/morespace.economia.unimore.it\/silviamuzzioli\/#website","url":"https:\/\/morespace.economia.unimore.it\/silviamuzzioli\/","name":"Silvia Muzzioli","description":"","potentialAction":[{"@type":"SearchAction","target":{"@type":"EntryPoint","urlTemplate":"https:\/\/morespace.economia.unimore.it\/silviamuzzioli\/?s={search_term_string}"},"query-input":{"@type":"PropertyValueSpecification","valueRequired":true,"valueName":"search_term_string"}}],"inLanguage":"it-IT"}]}},"_links":{"self":[{"href":"https:\/\/morespace.economia.unimore.it\/silviamuzzioli\/wp-json\/wp\/v2\/pages\/2822","targetHints":{"allow":["GET"]}}],"collection":[{"href":"https:\/\/morespace.economia.unimore.it\/silviamuzzioli\/wp-json\/wp\/v2\/pages"}],"about":[{"href":"https:\/\/morespace.economia.unimore.it\/silviamuzzioli\/wp-json\/wp\/v2\/types\/page"}],"author":[{"embeddable":true,"href":"https:\/\/morespace.economia.unimore.it\/silviamuzzioli\/wp-json\/wp\/v2\/users\/8"}],"replies":[{"embeddable":true,"href":"https:\/\/morespace.economia.unimore.it\/silviamuzzioli\/wp-json\/wp\/v2\/comments?post=2822"}],"version-history":[{"count":0,"href":"https:\/\/morespace.economia.unimore.it\/silviamuzzioli\/wp-json\/wp\/v2\/pages\/2822\/revisions"}],"wp:attachment":[{"href":"https:\/\/morespace.economia.unimore.it\/silviamuzzioli\/wp-json\/wp\/v2\/media?parent=2822"}],"curies":[{"name":"wp","href":"https:\/\/api.w.org\/{rel}","templated":true}]}}